{"id":6,"date":"2016-11-08T22:39:54","date_gmt":"2016-11-08T21:39:54","guid":{"rendered":"https:\/\/yogaessere.wordpress.com\/?page_id=2"},"modified":"2017-10-29T12:04:29","modified_gmt":"2017-10-29T11:04:29","slug":"perfil-personal","status":"publish","type":"page","link":"https:\/\/www.yogaperbambininoto.com\/tuidioma\/perfil-personal\/","title":{"rendered":"Perfil Personal"},"content":{"rendered":"<p class=\"font_8\" style=\"text-align: center;\"><img loading=\"lazy\" decoding=\"async\" class=\"aligncenter wp-image-31 size-medium\" src=\"http:\/\/www.yogaperbambininoto.com\/tuidioma\/wp-content\/uploads\/2016\/11\/img_20160410_184502-300x300.jpg\" alt=\"img_20160410_184502\" width=\"300\" height=\"300\" srcset=\"https:\/\/www.yogaperbambininoto.com\/tuidioma\/wp-content\/uploads\/2016\/11\/img_20160410_184502-300x300.jpg 300w, https:\/\/www.yogaperbambininoto.com\/tuidioma\/wp-content\/uploads\/2016\/11\/img_20160410_184502-150x150.jpg 150w, https:\/\/www.yogaperbambininoto.com\/tuidioma\/wp-content\/uploads\/2016\/11\/img_20160410_184502-100x100.jpg 100w, https:\/\/www.yogaperbambininoto.com\/tuidioma\/wp-content\/uploads\/2016\/11\/img_20160410_184502.jpg 720w\" sizes=\"(max-width: 300px) 100vw, 300px\" \/><span style=\"font-family: helvetica, arial, sans-serif; font-size: 10pt;\"><strong>Dalila Moriella.<\/strong>\u00a0<\/span><span style=\"font-family: helvetica, arial, sans-serif; font-size: 10pt;\">Yogi, Pedagoga, Maestra de Yoga para ni\u00f1os.\u00a0<\/span><\/p>\n<p style=\"text-align: center;\"><span style=\"font-family: helvetica, arial, sans-serif; font-size: 10pt;\"><strong>Caracciolo Colmenares.\u00a0<\/strong><\/span><span style=\"font-family: helvetica, arial, sans-serif; font-size: 10pt;\">Yogi, Coaching, Web master, Seo.<\/span><\/p>\n<h2 class=\"font_8\" style=\"text-align: left;\"><span style=\"font-family: helvetica, arial, sans-serif; font-size: 14pt;\">\u00abEl Yoga llega a mi vida justo cuando debe llegar\u00bb<\/span><\/h2>\n<p class=\"font_8\"><span style=\"font-family: helvetica, arial, sans-serif; font-size: 12pt;\">Es una disciplina que llena todos los espacios vacios y que responde muchas interrogantes. <\/span><\/p>\n<p class=\"font_8\"><span style=\"font-family: helvetica, arial, sans-serif; font-size: 12pt;\">Con el Yoga he desarrollado una mayor comprensi\u00f3n de mi misma: yo soy cuerpo, espiritu y mente en plena armon\u00eda.<\/span><\/p>\n<p class=\"font_8\"><span style=\"font-family: helvetica, arial, sans-serif; font-size: 12pt;\">Comparto mi experiencia de desarrollo espiritual para hacer de esta estad\u00eda en la tierra una experiencia consciente de uni\u00f3n con el ambiente que nos rodea, descubriendo que desde el amor se puede cear un mundo lleno de armon\u00eda.<\/span><\/p>\n<h2 class=\"font_8\"><span style=\"font-family: helvetica, arial, sans-serif; font-size: 14pt;\">Profesionalmente.<\/span><\/h2>\n<p class=\"font_8\"><span style=\"font-family: helvetica, arial, sans-serif; font-size: 12pt;\">Licenciada en Ciencias de la Formaci\u00f3n, siempre he trabajado en el campo social. <\/span><\/p>\n<p class=\"font_8\"><span style=\"font-family: helvetica, arial, sans-serif; font-size: 12pt;\">La combinaci\u00f3n de ambas experiencias han creado en mi la chispa para realizar el proyecto\u00a0<a href=\"http:\/\/www.srlive.it\/noto-lezione-yoga-nellistituto-comprensivo-melodia\/\" target=\"_blank\" rel=\"noopener\">Yoga nella Scuola<\/a>\u00a0desarrollado en 2015 y 2016.<\/span><\/p>\n<p>&nbsp;<\/p>\n<div id=\"attachment_582\" style=\"width: 801px\" class=\"wp-caption aligncenter\"><a href=\"http:\/\/www.yogaperbambininoto.com\/tuidioma\/wp-content\/uploads\/2016\/11\/DSC01778.jpg\"><img loading=\"lazy\" decoding=\"async\" aria-describedby=\"caption-attachment-582\" class=\"wp-image-582 size-large\" src=\"http:\/\/www.yogaperbambininoto.com\/tuidioma\/wp-content\/uploads\/2016\/11\/DSC01778-1024x640.jpg\" alt=\"Yoga en la escuela\" width=\"791\" height=\"494\" srcset=\"https:\/\/www.yogaperbambininoto.com\/tuidioma\/wp-content\/uploads\/2016\/11\/DSC01778-1024x640.jpg 1024w, https:\/\/www.yogaperbambininoto.com\/tuidioma\/wp-content\/uploads\/2016\/11\/DSC01778-300x188.jpg 300w, https:\/\/www.yogaperbambininoto.com\/tuidioma\/wp-content\/uploads\/2016\/11\/DSC01778-768x480.jpg 768w\" sizes=\"(max-width: 791px) 100vw, 791px\" \/><\/a><p id=\"caption-attachment-582\" class=\"wp-caption-text\">Yoga en la escuela<\/p><\/div>\n<p class=\"font_8\"><span style=\"font-family: helvetica, arial, sans-serif; font-size: 12pt;\">En este momento me dedico a ense\u00f1ar Yoga tanto a peque\u00f1os grupos de personas adultas como a los m\u00e1s peque\u00f1os en la ciudad de Noto.<\/span><\/p>\n<p class=\"font_8\"><span style=\"font-family: helvetica, arial, sans-serif; font-size: 12pt;\">Los ni\u00f1os me regalan su magia mientras se divierten y sonrrien, mejorando la relaci\u00f3n entre sus amigos y con ellos mismos. <\/span><\/p>\n<p class=\"font_8\"><span style=\"font-family: helvetica, arial, sans-serif; font-size: 12pt;\">La imaginaci\u00f3n, sonrisas, creatividad, amistad hacen de cada sesi\u00f3n de Yoga una bella aventura inolvidable.<\/span><\/p>\n<p class=\"font_8\"><span style=\"font-family: helvetica, arial, sans-serif; font-size: 12pt;\">entre algunos de los beneficios estudiados y reconocidos del Yoga, podemos nombrar:<\/span><\/p>\n<ul>\n<li class=\"font_8\"><span style=\"font-family: helvetica, arial, sans-serif; font-size: 12pt;\">nos reconforta y nos dona paz,<\/span><\/li>\n<li class=\"font_8\"><span style=\"font-family: helvetica, arial, sans-serif; font-size: 12pt;\">desarrolla la concentraci\u00f3n,<\/span><\/li>\n<li class=\"font_8\"><span style=\"font-family: helvetica, arial, sans-serif; font-size: 12pt;\">el conocimiento,<\/span><\/li>\n<li class=\"font_8\"><span style=\"font-family: helvetica, arial, sans-serif; font-size: 12pt;\">la memoria,<\/span><\/li>\n<li class=\"font_8\"><span style=\"font-family: helvetica, arial, sans-serif; font-size: 12pt;\">el intelecto y el autoestima,<\/span><\/li>\n<li class=\"font_8\"><span style=\"font-family: helvetica, arial, sans-serif; font-size: 12pt;\">fisicamente ayuda al bienestar corporal,<\/span><\/li>\n<li class=\"font_8\"><span style=\"font-family: helvetica, arial, sans-serif; font-size: 12pt;\">refuerza el equilibrio,<\/span><\/li>\n<li class=\"font_8\"><span style=\"font-family: helvetica, arial, sans-serif; font-size: 12pt;\">desarrolla la resistencia y la elasticidad,<\/span><\/li>\n<li class=\"font_8\"><span style=\"font-family: helvetica, arial, sans-serif; font-size: 12pt;\">refuerza o ayuda al sistema inmunitario,<\/span><\/li>\n<li class=\"font_8\"><span style=\"font-family: helvetica, arial, sans-serif; font-size: 12pt;\">refuerza los huesos y ayuda al sistema digestivo.<\/span><\/li>\n<\/ul>\n<p><iframe loading=\"lazy\" src=\"\/\/www.youtube.com\/embed\/p66pIIsVJmA\" width=\"560\" height=\"314\" allowfullscreen=\"allowfullscreen\"><\/iframe><\/p>\n<p>*Namaste*<\/p>\n<p><script>\n  (function(i,s,o,g,r,a,m){i['GoogleAnalyticsObject']=r;i[r]=i[r]||function(){\n  (i[r].q=i[r].q||[]).push(arguments)},i[r].l=1*new Date();a=s.createElement(o),\n  m=s.getElementsByTagName(o)[0];a.async=1;a.src=g;m.parentNode.insertBefore(a,m)\n  })(window,document,'script','https:\/\/www.google-analytics.com\/analytics.js','ga');<\/p>\n<p>  ga('create', 'UA-96233888-1', 'auto');\n  ga('send', 'pageview');<\/p>\n<p><\/script><\/p>\n<!-- AddThis Advanced Settings generic via filter on the_content --><!-- AddThis Share Buttons generic via filter on the_content -->","protected":false},"excerpt":{"rendered":"<p>Se trata solo de un breve extracto de la p\u00e1gina&nbsp;con informaci\u00f3n acerca de ti.<!-- AddThis Advanced Settings generic via filter on wp_trim_excerpt --><!-- AddThis Share Buttons generic via filter on wp_trim_excerpt --><\/p>\n<p><a href=\"https:\/\/www.yogaperbambininoto.com\/tuidioma\/perfil-personal\/\">Continue reading <span class=\"meta-nav\">&rarr;<\/span><\/a><\/p>\n","protected":false},"author":3,"featured_media":18,"parent":0,"menu_order":1,"comment_status":"closed","ping_status":"closed","template":"","meta":{"footnotes":""},"_links":{"self":[{"href":"https:\/\/www.yogaperbambininoto.com\/tuidioma\/wp-json\/wp\/v2\/pages\/6"}],"collection":[{"href":"https:\/\/www.yogaperbambininoto.com\/tuidioma\/wp-json\/wp\/v2\/pages"}],"about":[{"href":"https:\/\/www.yogaperbambininoto.com\/tuidioma\/wp-json\/wp\/v2\/types\/page"}],"author":[{"embeddable":true,"href":"https:\/\/www.yogaperbambininoto.com\/tuidioma\/wp-json\/wp\/v2\/users\/3"}],"replies":[{"embeddable":true,"href":"https:\/\/www.yogaperbambininoto.com\/tuidioma\/wp-json\/wp\/v2\/comments?post=6"}],"version-history":[{"count":5,"href":"https:\/\/www.yogaperbambininoto.com\/tuidioma\/wp-json\/wp\/v2\/pages\/6\/revisions"}],"predecessor-version":[{"id":684,"href":"https:\/\/www.yogaperbambininoto.com\/tuidioma\/wp-json\/wp\/v2\/pages\/6\/revisions\/684"}],"wp:featuredmedia":[{"embeddable":true,"href":"https:\/\/www.yogaperbambininoto.com\/tuidioma\/wp-json\/"}],"wp:attachment":[{"href":"https:\/\/www.yogaperbambininoto.com\/tuidioma\/wp-json\/wp\/v2\/media?parent=6"}],"curies":[{"name":"wp","href":"https:\/\/api.w.org\/{rel}","templated":true}]}}