{"id":88,"date":"2017-03-29T23:06:00","date_gmt":"2017-03-29T21:06:00","guid":{"rendered":"https:\/\/www.yogaperbambininoto.com\/?page_id=88"},"modified":"2020-03-17T12:28:07","modified_gmt":"2020-03-17T11:28:07","slug":"yoga-para-divertirnos-yoga-para-ninos","status":"publish","type":"page","link":"https:\/\/www.yogaperbambininoto.com\/tuidioma\/","title":{"rendered":"Yoga para divertirnos, Yoga para ni\u00f1os! Juguemos juntos"},"content":{"rendered":"<h2 style=\"text-align: center;\"><span style=\"font-size: 18pt; font-family: tahoma, arial, helvetica, sans-serif; color: #000000;\"><strong>Hola! y bienvenidos a mi blog en espa\u00f1ol <\/strong><\/span><\/h2>\n<h2 style=\"text-align: center;\"><span style=\"font-size: 18pt; font-family: tahoma, arial, helvetica, sans-serif; color: #000000;\"><strong>\u00ab Yoga para ni\u00f1os \u201cjuguemos juntos\u201d \u00bb<\/strong><\/span><\/h2>\n\n\t\t<style type=\"text\/css\">\n\t\t\t#gallery-1 {\n\t\t\t\tmargin: auto;\n\t\t\t}\n\t\t\t#gallery-1 .gallery-item {\n\t\t\t\tfloat: left;\n\t\t\t\tmargin-top: 10px;\n\t\t\t\ttext-align: center;\n\t\t\t\twidth: 33%;\n\t\t\t}\n\t\t\t#gallery-1 img {\n\t\t\t\tborder: 2px solid #cfcfcf;\n\t\t\t}\n\t\t\t#gallery-1 .gallery-caption {\n\t\t\t\tmargin-left: 0;\n\t\t\t}\n\t\t\t\/* see gallery_shortcode() in wp-includes\/media.php *\/\n\t\t<\/style>\n\t\t<div data-carousel-extra='{\"blog_id\":1,\"permalink\":\"https:\\\/\\\/www.yogaperbambininoto.com\\\/tuidioma\\\/\"}' id='gallery-1' class='gallery galleryid-88 gallery-columns-3 gallery-size-medium'><dl class='gallery-item'>\n\t\t\t<dt class='gallery-icon portrait'>\n\t\t\t\t<a href='https:\/\/www.yogaperbambininoto.com\/tuidioma\/wp-content\/uploads\/2017\/03\/@yogaperbambininoto2-e1509273113467.jpg'><img loading=\"lazy\" decoding=\"async\" data-attachment-id=\"587\" data-orig-file=\"https:\/\/www.yogaperbambininoto.com\/tuidioma\/wp-content\/uploads\/2017\/03\/@yogaperbambininoto2-e1509273113467.jpg\" data-orig-size=\"887,1109\" data-comments-opened=\"1\" data-image-meta=\"{&quot;aperture&quot;:&quot;0&quot;,&quot;credit&quot;:&quot;&quot;,&quot;camera&quot;:&quot;&quot;,&quot;caption&quot;:&quot;&quot;,&quot;created_timestamp&quot;:&quot;0&quot;,&quot;copyright&quot;:&quot;&quot;,&quot;focal_length&quot;:&quot;0&quot;,&quot;iso&quot;:&quot;0&quot;,&quot;shutter_speed&quot;:&quot;0&quot;,&quot;title&quot;:&quot;&quot;,&quot;orientation&quot;:&quot;0&quot;,&quot;keywords&quot;:&quot;Array&quot;}\" data-image-title=\"Yoga para ni\u00f1os en Noto\" data-image-description=\"\" data-medium-file=\"https:\/\/www.yogaperbambininoto.com\/tuidioma\/wp-content\/uploads\/2017\/03\/@yogaperbambininoto2-240x300.jpg\" data-large-file=\"https:\/\/www.yogaperbambininoto.com\/tuidioma\/wp-content\/uploads\/2017\/03\/@yogaperbambininoto2-819x1024.jpg\" width=\"240\" height=\"300\" src=\"https:\/\/www.yogaperbambininoto.com\/tuidioma\/wp-content\/uploads\/2017\/03\/@yogaperbambininoto2-240x300.jpg\" class=\"attachment-medium size-medium\" alt=\"Yoga para ni\u00f1os en Noto\" aria-describedby=\"gallery-1-587\" srcset=\"https:\/\/www.yogaperbambininoto.com\/tuidioma\/wp-content\/uploads\/2017\/03\/@yogaperbambininoto2-240x300.jpg 240w, https:\/\/www.yogaperbambininoto.com\/tuidioma\/wp-content\/uploads\/2017\/03\/@yogaperbambininoto2-768x960.jpg 768w, https:\/\/www.yogaperbambininoto.com\/tuidioma\/wp-content\/uploads\/2017\/03\/@yogaperbambininoto2-819x1024.jpg 819w, https:\/\/www.yogaperbambininoto.com\/tuidioma\/wp-content\/uploads\/2017\/03\/@yogaperbambininoto2-e1509273113467.jpg 887w\" sizes=\"(max-width: 240px) 100vw, 240px\" \/><\/a>\n\t\t\t<\/dt>\n\t\t\t\t<dd class='wp-caption-text gallery-caption' id='gallery-1-587'>\n\t\t\t\tPosici\u00f3n del Guerrero\n\t\t\t\t<\/dd><\/dl><dl class='gallery-item'>\n\t\t\t<dt class='gallery-icon portrait'>\n\t\t\t\t<a href='https:\/\/www.yogaperbambininoto.com\/tuidioma\/wp-content\/uploads\/2017\/03\/@yogaperbambiniSuperFelice-e1509273892791.jpg'><img loading=\"lazy\" decoding=\"async\" data-attachment-id=\"589\" data-orig-file=\"https:\/\/www.yogaperbambininoto.com\/tuidioma\/wp-content\/uploads\/2017\/03\/@yogaperbambiniSuperFelice-e1509273892791.jpg\" data-orig-size=\"739,846\" data-comments-opened=\"1\" data-image-meta=\"{&quot;aperture&quot;:&quot;0&quot;,&quot;credit&quot;:&quot;&quot;,&quot;camera&quot;:&quot;&quot;,&quot;caption&quot;:&quot;&quot;,&quot;created_timestamp&quot;:&quot;0&quot;,&quot;copyright&quot;:&quot;&quot;,&quot;focal_length&quot;:&quot;0&quot;,&quot;iso&quot;:&quot;0&quot;,&quot;shutter_speed&quot;:&quot;0&quot;,&quot;title&quot;:&quot;&quot;,&quot;orientation&quot;:&quot;0&quot;,&quot;keywords&quot;:&quot;Array&quot;}\" data-image-title=\"Yoga para ni\u00f1os en Noto\" data-image-description=\"\" data-medium-file=\"https:\/\/www.yogaperbambininoto.com\/tuidioma\/wp-content\/uploads\/2017\/03\/@yogaperbambiniSuperFelice-e1509273892791-262x300.jpg\" data-large-file=\"https:\/\/www.yogaperbambininoto.com\/tuidioma\/wp-content\/uploads\/2017\/03\/@yogaperbambiniSuperFelice-1024x1024.jpg\" width=\"262\" height=\"300\" src=\"https:\/\/www.yogaperbambininoto.com\/tuidioma\/wp-content\/uploads\/2017\/03\/@yogaperbambiniSuperFelice-e1509273892791-262x300.jpg\" class=\"attachment-medium size-medium\" alt=\"Yoga para ni\u00f1os en Noto\" aria-describedby=\"gallery-1-589\" srcset=\"https:\/\/www.yogaperbambininoto.com\/tuidioma\/wp-content\/uploads\/2017\/03\/@yogaperbambiniSuperFelice-e1509273892791-262x300.jpg 262w, https:\/\/www.yogaperbambininoto.com\/tuidioma\/wp-content\/uploads\/2017\/03\/@yogaperbambiniSuperFelice-e1509273892791.jpg 739w\" sizes=\"(max-width: 262px) 100vw, 262px\" \/><\/a>\n\t\t\t<\/dt>\n\t\t\t\t<dd class='wp-caption-text gallery-caption' id='gallery-1-589'>\n\t\t\t\tHagamos mandalas\n\t\t\t\t<\/dd><\/dl><dl class='gallery-item'>\n\t\t\t<dt class='gallery-icon portrait'>\n\t\t\t\t<a href='https:\/\/www.yogaperbambininoto.com\/tuidioma\/wp-content\/uploads\/2017\/03\/@yogaperbambininoto.jpg'><img loading=\"lazy\" decoding=\"async\" data-attachment-id=\"588\" data-orig-file=\"https:\/\/www.yogaperbambininoto.com\/tuidioma\/wp-content\/uploads\/2017\/03\/@yogaperbambininoto.jpg\" data-orig-size=\"640,800\" data-comments-opened=\"1\" data-image-meta=\"{&quot;aperture&quot;:&quot;0&quot;,&quot;credit&quot;:&quot;&quot;,&quot;camera&quot;:&quot;&quot;,&quot;caption&quot;:&quot;&quot;,&quot;created_timestamp&quot;:&quot;0&quot;,&quot;copyright&quot;:&quot;&quot;,&quot;focal_length&quot;:&quot;0&quot;,&quot;iso&quot;:&quot;0&quot;,&quot;shutter_speed&quot;:&quot;0&quot;,&quot;title&quot;:&quot;&quot;,&quot;orientation&quot;:&quot;0&quot;,&quot;keywords&quot;:&quot;Array&quot;}\" data-image-title=\"Yoga para ni\u00f1os en Noto\" data-image-description=\"\" data-medium-file=\"https:\/\/www.yogaperbambininoto.com\/tuidioma\/wp-content\/uploads\/2017\/03\/@yogaperbambininoto-240x300.jpg\" data-large-file=\"https:\/\/www.yogaperbambininoto.com\/tuidioma\/wp-content\/uploads\/2017\/03\/@yogaperbambininoto.jpg\" width=\"240\" height=\"300\" src=\"https:\/\/www.yogaperbambininoto.com\/tuidioma\/wp-content\/uploads\/2017\/03\/@yogaperbambininoto-240x300.jpg\" class=\"attachment-medium size-medium\" alt=\"Yoga para ni\u00f1os en Noto\" aria-describedby=\"gallery-1-588\" srcset=\"https:\/\/www.yogaperbambininoto.com\/tuidioma\/wp-content\/uploads\/2017\/03\/@yogaperbambininoto-240x300.jpg 240w, https:\/\/www.yogaperbambininoto.com\/tuidioma\/wp-content\/uploads\/2017\/03\/@yogaperbambininoto.jpg 640w\" sizes=\"(max-width: 240px) 100vw, 240px\" \/><\/a>\n\t\t\t<\/dt>\n\t\t\t\t<dd class='wp-caption-text gallery-caption' id='gallery-1-588'>\n\t\t\t\tJuguemos juntos!\n\t\t\t\t<\/dd><\/dl><br style=\"clear: both\" \/>\n\t\t<\/div>\n\n<h2><\/h2>\n<p style=\"text-align: justify;\"><span style=\"font-size: 12pt; font-family: helvetica, arial, sans-serif;\">\u00c9rase una vez <strong>El Yoga,\u00a0<\/strong>una manera de vivir que se ha originado en la India muchos a\u00f1os atr\u00e1s (m\u00e1s de cinco mil) creado con la intenci\u00f3n de lograr a todos los seres felices y pac\u00edficos.<\/span><\/p>\n<p style=\"text-align: center;\"><span style=\"font-size: 16pt; font-family: helvetica, arial, sans-serif;\"><em>La palabra\u00a0<strong>\u00abYoga\u00bb<\/strong> significa \u00abuni\u00f3n\u00bb<\/em><\/span><\/p>\n<p style=\"text-align: justify;\"><span style=\"font-size: 12pt; font-family: helvetica, arial, sans-serif;\">Se trata de un sistema antiguo que <strong>favorece la armon\u00eda<\/strong> entre los seres humanos y el ambiente que lo rodeo, es una forma de vida que promueve la <strong>salud del cuerpo y el <a href=\"http:\/\/www.yogaperbambininoto.com\/tuidioma\/beneficios-yoga\/para-mejorar-tu-vida\/\">bien estar del organismo<\/a><\/strong> y sobre todo del esp\u00edritu.<\/span><\/p>\n<table style=\"background-color: #33de4d;\">\n<tbody>\n<tr>\n<td><span style=\"font-size: 14pt; font-family: helvetica, arial, sans-serif;\">Practicar yoga en realidad es m\u00e1s que ir al gimnasio, es una manera de vivir, escuchar, respirar, mirar.<\/span><\/td>\n<\/tr>\n<\/tbody>\n<\/table>\n<p><a href=\"https:\/\/www.yogaperbambininoto.com\/wp-content\/uploads\/2017\/05\/YogaperbambiniNoto-Primavera17.jpg\"><img loading=\"lazy\" decoding=\"async\" class=\"size-full wp-image-316 aligncenter\" src=\"https:\/\/www.yogaperbambininoto.com\/wp-content\/uploads\/2017\/05\/YogaperbambiniNoto-Primavera17.jpg\" alt=\"Yoga per bambini noto - primavera 2017\" width=\"828\" height=\"315\" \/><\/a><\/p>\n<p style=\"text-align: justify;\"><span style=\"font-size: 12pt; font-family: helvetica, arial, sans-serif;\">Se resaltan los principios universales como la <strong>no violencia<\/strong>, la <strong>paz<\/strong>, el <strong>amor<\/strong>, la verdad, hacer lo correcto. <\/span><\/p>\n<p style=\"text-align: justify;\"><span style=\"font-size: 12pt; font-family: helvetica, arial, sans-serif;\">Reglas de comportamiento personales; Asana gimnasia Yoga, Pranayama el control del respiro, Pratyahara meditaci\u00f3n profunda.<\/span><\/p>\n<table style=\"background-color: #ffdd00;\">\n<tbody>\n<tr>\n<td><span style=\"font-size: 12pt; font-family: helvetica, arial, sans-serif;\">El yoga <strong>es para todos<\/strong>, respeta al individuo, la cultura, religi\u00f3n, tradiciones!<\/span><\/td>\n<\/tr>\n<\/tbody>\n<\/table>\n<p style=\"text-align: justify;\"><span style=\"font-size: 12pt; font-family: helvetica, arial, sans-serif;\">Fundamentada en varias investigaciones que demuestran su <strong>preciosa aplicaci\u00f3n pedag\u00f3gica<\/strong>.<\/span><\/p>\n<p style=\"text-align: justify;\"><span style=\"font-size: 12pt; font-family: helvetica, arial, sans-serif;\">Ayuda mejorando la atenci\u00f3n, el equilibrio entre cuerpo \u2013 esp\u00edritu y mente.<\/span><\/p>\n<p style=\"text-align: center;\"><span style=\"font-size: 18pt;\">\u00abSi a cada ni\u00f1o de ocho a\u00f1os <\/span><\/p>\n<p style=\"text-align: center;\"><span style=\"font-size: 18pt;\">se le ense\u00f1a la meditaci\u00f3n, <\/span><\/p>\n<p style=\"text-align: center;\"><span style=\"font-size: 18pt;\">lograr\u00edamos eliminar <\/span><\/p>\n<p style=\"text-align: center;\"><span style=\"font-size: 18pt;\">la violencia\u00a0<\/span><span style=\"font-size: 18pt; font-style: inherit; font-weight: inherit;\">en el mundo<\/span><\/p>\n<p style=\"text-align: center;\"><span style=\"font-size: 18pt;\">en una generaci\u00f3n\u00bb<\/span><\/p>\n<p style=\"text-align: center;\"><span style=\"font-size: 18pt;\">\u00a0<a href=\"http:\/\/www.dalailama.it\" target=\"_blank\" rel=\"noopener noreferrer\">Dalai Lama<\/a><\/span><\/p>\n<h2><span style=\"font-size: 12pt; font-family: helvetica, arial, sans-serif;\">Hacer yoga tiene muchos <strong><a href=\"http:\/\/www.yogaperbambininoto.com\/tuidioma\/beneficios-yoga\/para-mejorar-tu-vida\/\">beneficios<\/a> <\/strong>tanto para ni\u00f1os como para los adultos mayores.<\/span><\/h2>\n<p><span style=\"font-size: 12pt; font-family: helvetica, arial, sans-serif;\">Los ejercicios <strong>ayudan a los ni\u00f1os<\/strong> a incrementar la flexibilidad y mejorar la postura.<\/span><\/p>\n<p><span style=\"font-size: 12pt; font-family: helvetica, arial, sans-serif;\">Contribuye a tener una mayor concentraci\u00f3n en la escuela y a estar relajados, sobre todo si son ni\u00f1os muy activos.<\/span><\/p>\n\n\t\t<style type=\"text\/css\">\n\t\t\t#gallery-2 {\n\t\t\t\tmargin: auto;\n\t\t\t}\n\t\t\t#gallery-2 .gallery-item {\n\t\t\t\tfloat: left;\n\t\t\t\tmargin-top: 10px;\n\t\t\t\ttext-align: center;\n\t\t\t\twidth: 100%;\n\t\t\t}\n\t\t\t#gallery-2 img {\n\t\t\t\tborder: 2px solid #cfcfcf;\n\t\t\t}\n\t\t\t#gallery-2 .gallery-caption {\n\t\t\t\tmargin-left: 0;\n\t\t\t}\n\t\t\t\/* see gallery_shortcode() in wp-includes\/media.php *\/\n\t\t<\/style>\n\t\t<div data-carousel-extra='{\"blog_id\":1,\"permalink\":\"https:\\\/\\\/www.yogaperbambininoto.com\\\/tuidioma\\\/\"}' id='gallery-2' class='gallery galleryid-88 gallery-columns-1 gallery-size-medium'><dl class='gallery-item'>\n\t\t\t<dt class='gallery-icon portrait'>\n\t\t\t\t<a href='https:\/\/www.yogaperbambininoto.com\/tuidioma\/wp-content\/uploads\/2017\/03\/disegnoinsabbia.jpg'><img loading=\"lazy\" decoding=\"async\" data-attachment-id=\"601\" data-orig-file=\"https:\/\/www.yogaperbambininoto.com\/tuidioma\/wp-content\/uploads\/2017\/03\/disegnoinsabbia.jpg\" data-orig-size=\"1080,1303\" data-comments-opened=\"1\" data-image-meta=\"{&quot;aperture&quot;:&quot;0&quot;,&quot;credit&quot;:&quot;&quot;,&quot;camera&quot;:&quot;&quot;,&quot;caption&quot;:&quot;&quot;,&quot;created_timestamp&quot;:&quot;0&quot;,&quot;copyright&quot;:&quot;&quot;,&quot;focal_length&quot;:&quot;0&quot;,&quot;iso&quot;:&quot;0&quot;,&quot;shutter_speed&quot;:&quot;0&quot;,&quot;title&quot;:&quot;&quot;,&quot;orientation&quot;:&quot;0&quot;,&quot;keywords&quot;:&quot;Array&quot;}\" data-image-title=\"Yoga para ni\u00f1os en Noto\" data-image-description=\"\" data-medium-file=\"https:\/\/www.yogaperbambininoto.com\/tuidioma\/wp-content\/uploads\/2017\/03\/disegnoinsabbia-249x300.jpg\" data-large-file=\"https:\/\/www.yogaperbambininoto.com\/tuidioma\/wp-content\/uploads\/2017\/03\/disegnoinsabbia-849x1024.jpg\" width=\"249\" height=\"300\" src=\"https:\/\/www.yogaperbambininoto.com\/tuidioma\/wp-content\/uploads\/2017\/03\/disegnoinsabbia-249x300.jpg\" class=\"attachment-medium size-medium\" alt=\"Yoga para ni\u00f1os en Noto\" aria-describedby=\"gallery-2-601\" srcset=\"https:\/\/www.yogaperbambininoto.com\/tuidioma\/wp-content\/uploads\/2017\/03\/disegnoinsabbia-249x300.jpg 249w, https:\/\/www.yogaperbambininoto.com\/tuidioma\/wp-content\/uploads\/2017\/03\/disegnoinsabbia-768x927.jpg 768w, https:\/\/www.yogaperbambininoto.com\/tuidioma\/wp-content\/uploads\/2017\/03\/disegnoinsabbia-849x1024.jpg 849w, https:\/\/www.yogaperbambininoto.com\/tuidioma\/wp-content\/uploads\/2017\/03\/disegnoinsabbia.jpg 1080w\" sizes=\"(max-width: 249px) 100vw, 249px\" \/><\/a>\n\t\t\t<\/dt>\n\t\t\t\t<dd class='wp-caption-text gallery-caption' id='gallery-2-601'>\n\t\t\t\tOMH!\n\t\t\t\t<\/dd><\/dl><br style=\"clear: both\" \/><dl class='gallery-item'>\n\t\t\t<dt class='gallery-icon portrait'>\n\t\t\t\t<a href='https:\/\/www.yogaperbambininoto.com\/tuidioma\/wp-content\/uploads\/2017\/03\/@yogaperbambiniForzaInsieme-e1509273457624.jpg'><img loading=\"lazy\" decoding=\"async\" data-attachment-id=\"600\" data-orig-file=\"https:\/\/www.yogaperbambininoto.com\/tuidioma\/wp-content\/uploads\/2017\/03\/@yogaperbambiniForzaInsieme-e1509273457624.jpg\" data-orig-size=\"362,430\" data-comments-opened=\"1\" data-image-meta=\"{&quot;aperture&quot;:&quot;0&quot;,&quot;credit&quot;:&quot;&quot;,&quot;camera&quot;:&quot;&quot;,&quot;caption&quot;:&quot;&quot;,&quot;created_timestamp&quot;:&quot;0&quot;,&quot;copyright&quot;:&quot;&quot;,&quot;focal_length&quot;:&quot;0&quot;,&quot;iso&quot;:&quot;0&quot;,&quot;shutter_speed&quot;:&quot;0&quot;,&quot;title&quot;:&quot;&quot;,&quot;orientation&quot;:&quot;0&quot;,&quot;keywords&quot;:&quot;Array&quot;}\" data-image-title=\"Yoga para ni\u00f1os en Noto\" data-image-description=\"\" data-medium-file=\"https:\/\/www.yogaperbambininoto.com\/tuidioma\/wp-content\/uploads\/2017\/03\/@yogaperbambiniForzaInsieme-e1509273457624-253x300.jpg\" data-large-file=\"https:\/\/www.yogaperbambininoto.com\/tuidioma\/wp-content\/uploads\/2017\/03\/@yogaperbambiniForzaInsieme-e1509273457624.jpg\" width=\"253\" height=\"300\" src=\"https:\/\/www.yogaperbambininoto.com\/tuidioma\/wp-content\/uploads\/2017\/03\/@yogaperbambiniForzaInsieme-e1509273457624-253x300.jpg\" class=\"attachment-medium size-medium\" alt=\"Yoga para ni\u00f1os en Noto\" aria-describedby=\"gallery-2-600\" srcset=\"https:\/\/www.yogaperbambininoto.com\/tuidioma\/wp-content\/uploads\/2017\/03\/@yogaperbambiniForzaInsieme-e1509273457624-253x300.jpg 253w, https:\/\/www.yogaperbambininoto.com\/tuidioma\/wp-content\/uploads\/2017\/03\/@yogaperbambiniForzaInsieme-e1509273457624.jpg 362w\" sizes=\"(max-width: 253px) 100vw, 253px\" \/><\/a>\n\t\t\t<\/dt>\n\t\t\t\t<dd class='wp-caption-text gallery-caption' id='gallery-2-600'>\n\t\t\t\tJugamos haciendo Yoga\n\t\t\t\t<\/dd><\/dl><br style=\"clear: both\" \/><dl class='gallery-item'>\n\t\t\t<dt class='gallery-icon portrait'>\n\t\t\t\t<a href='https:\/\/www.yogaperbambininoto.com\/tuidioma\/wp-content\/uploads\/2017\/03\/ositos-meditando-e1509274047157.jpg'><img loading=\"lazy\" decoding=\"async\" data-attachment-id=\"602\" data-orig-file=\"https:\/\/www.yogaperbambininoto.com\/tuidioma\/wp-content\/uploads\/2017\/03\/ositos-meditando-e1509274047157.jpg\" data-orig-size=\"310,314\" data-comments-opened=\"1\" data-image-meta=\"{&quot;aperture&quot;:&quot;0&quot;,&quot;credit&quot;:&quot;&quot;,&quot;camera&quot;:&quot;&quot;,&quot;caption&quot;:&quot;&quot;,&quot;created_timestamp&quot;:&quot;0&quot;,&quot;copyright&quot;:&quot;&quot;,&quot;focal_length&quot;:&quot;0&quot;,&quot;iso&quot;:&quot;0&quot;,&quot;shutter_speed&quot;:&quot;0&quot;,&quot;title&quot;:&quot;&quot;,&quot;orientation&quot;:&quot;0&quot;,&quot;keywords&quot;:&quot;Array&quot;}\" data-image-title=\"Yoga para ni\u00f1os en Noto\" data-image-description=\"\" data-medium-file=\"https:\/\/www.yogaperbambininoto.com\/tuidioma\/wp-content\/uploads\/2017\/03\/ositos-meditando-e1509274047157-296x300.jpg\" data-large-file=\"https:\/\/www.yogaperbambininoto.com\/tuidioma\/wp-content\/uploads\/2017\/03\/ositos-meditando-e1509274047157.jpg\" width=\"296\" height=\"300\" src=\"https:\/\/www.yogaperbambininoto.com\/tuidioma\/wp-content\/uploads\/2017\/03\/ositos-meditando-e1509274047157-296x300.jpg\" class=\"attachment-medium size-medium\" alt=\"Yoga para ni\u00f1os en Noto\" aria-describedby=\"gallery-2-602\" srcset=\"https:\/\/www.yogaperbambininoto.com\/tuidioma\/wp-content\/uploads\/2017\/03\/ositos-meditando-e1509274047157-296x300.jpg 296w, https:\/\/www.yogaperbambininoto.com\/tuidioma\/wp-content\/uploads\/2017\/03\/ositos-meditando-e1509274047157.jpg 310w\" sizes=\"(max-width: 296px) 100vw, 296px\" \/><\/a>\n\t\t\t<\/dt>\n\t\t\t\t<dd class='wp-caption-text gallery-caption' id='gallery-2-602'>\n\t\t\t\tCreatividad y Yoga\n\t\t\t\t<\/dd><\/dl><br style=\"clear: both\" \/>\n\t\t<\/div>\n\n<p><span style=\"font-size: 12pt; font-family: helvetica, arial, sans-serif;\">Queremos <strong>compartir nuestra experiencia<\/strong> de realizar Yoga para ni\u00f1os, para motivarte a descubrir un maravilloso mundo de conocimiento, agregando nuestros consejos referentes a la <strong><a href=\"http:\/\/www.yogaperbambininoto.com\/tuidioma\/beneficios-yoga\/para-mejorar-tu-vida\/\">salud y el bienestar<\/a><\/strong>.\u200b<\/span><\/p>\n<blockquote>\n<p style=\"text-align: center;\"><span style=\"font-size: 20pt;\">Descubro y refuerzo nuevas competencias e instrumentos que completan mi desarrollo fisico, mental y espiritual jugando con el Yoga<\/span><\/p>\n<\/blockquote>\n<!-- AddThis Advanced Settings generic via filter on the_content --><!-- AddThis Share Buttons generic via filter on the_content -->","protected":false},"excerpt":{"rendered":"<p>Hola! y bienvenidos a mi blog en espa\u00f1ol \u00ab Yoga para ni\u00f1os \u201cjuguemos juntos\u201d \u00bb \u00c9rase una vez El Yoga,\u00a0una &hellip;<\/p>\n<p><a href=\"https:\/\/www.yogaperbambininoto.com\/tuidioma\/\">Continue reading <span class=\"meta-nav\">&rarr;<\/span><\/a><\/p>\n<p><!-- AddThis Advanced Settings generic via filter on wp_trim_excerpt --><!-- AddThis Share Buttons generic via filter on wp_trim_excerpt --><\/p>\n","protected":false},"author":1,"featured_media":0,"parent":0,"menu_order":0,"comment_status":"closed","ping_status":"closed","template":"","meta":{"footnotes":""},"_links":{"self":[{"href":"https:\/\/www.yogaperbambininoto.com\/tuidioma\/wp-json\/wp\/v2\/pages\/88"}],"collection":[{"href":"https:\/\/www.yogaperbambininoto.com\/tuidioma\/wp-json\/wp\/v2\/pages"}],"about":[{"href":"https:\/\/www.yogaperbambininoto.com\/tuidioma\/wp-json\/wp\/v2\/types\/page"}],"author":[{"embeddable":true,"href":"https:\/\/www.yogaperbambininoto.com\/tuidioma\/wp-json\/wp\/v2\/users\/1"}],"replies":[{"embeddable":true,"href":"https:\/\/www.yogaperbambininoto.com\/tuidioma\/wp-json\/wp\/v2\/comments?post=88"}],"version-history":[{"count":4,"href":"https:\/\/www.yogaperbambininoto.com\/tuidioma\/wp-json\/wp\/v2\/pages\/88\/revisions"}],"predecessor-version":[{"id":798,"href":"https:\/\/www.yogaperbambininoto.com\/tuidioma\/wp-json\/wp\/v2\/pages\/88\/revisions\/798"}],"wp:attachment":[{"href":"https:\/\/www.yogaperbambininoto.com\/tuidioma\/wp-json\/wp\/v2\/media?parent=88"}],"curies":[{"name":"wp","href":"https:\/\/api.w.org\/{rel}","templated":true}]}}